{"id":20,"date":"2017-02-09T23:08:39","date_gmt":"2017-02-09T22:08:39","guid":{"rendered":"http:\/\/tengu.fr\/fismes\/wordpress\/?page_id=20"},"modified":"2023-02-01T18:00:35","modified_gmt":"2023-02-01T17:00:35","slug":"une-section-de-page-daccueil","status":"publish","type":"page","link":"http:\/\/tengu.fr\/fismes\/wordpress\/une-section-de-page-daccueil\/","title":{"rendered":"Calendrier"},"content":{"rendered":"<p><strong>Les cours ont lieu chaque mardi de 18h30 \u00e0 20h30.<\/strong><br>Les plus jeunes ont la possibilit\u00e9 de quitter le cours \u00e0 20h.<\/p>\n<p>Contrairement \u00e0 ce qui s&rsquo;est fait pendant pr\u00e8s de 30 ans&#8230; le planning ne suit pas rigoureusement le calendrier scolaire.<br>S&rsquo;il n&rsquo;y a pas cours, vous serez pr\u00e9venus par SMS.<\/p>\n<p><strong>Par ailleurs, on vous sera reconnaissant de pr\u00e9venir (au 06.65.96.17.99) si vous \u00eates dans l&rsquo;impossibilit\u00e9 de participer au cours.<br><\/strong><\/p>\n\n\n<p><\/p>\n","protected":false},"excerpt":{"rendered":"<p>Les cours ont lieu chaque mardi de 18h30 \u00e0 20h30.Les plus jeunes ont la possibilit\u00e9 de quitter le cours \u00e0 20h. Contrairement \u00e0 ce qui s&rsquo;est fait pendant pr\u00e8s de 30 ans&#8230; le planning ne suit pas rigoureusement le calendrier scolaire.S&rsquo;il n&rsquo;y a pas cours, vous serez pr\u00e9venus par SMS. Par ailleurs, on vous sera &hellip; <a href=\"http:\/\/tengu.fr\/fismes\/wordpress\/une-section-de-page-daccueil\/\" class=\"more-link\">Continuer la lecture de <span class=\"screen-reader-text\">Calendrier<\/span>  <span class=\"meta-nav\">&rarr;<\/span><\/a><\/p>\n","protected":false},"author":1,"featured_media":0,"parent":0,"menu_order":0,"comment_status":"closed","ping_status":"closed","template":"","meta":{"footnotes":""},"class_list":["post-20","page","type-page","status-publish","hentry"],"_links":{"self":[{"href":"http:\/\/tengu.fr\/fismes\/wordpress\/wp-json\/wp\/v2\/pages\/20","targetHints":{"allow":["GET"]}}],"collection":[{"href":"http:\/\/tengu.fr\/fismes\/wordpress\/wp-json\/wp\/v2\/pages"}],"about":[{"href":"http:\/\/tengu.fr\/fismes\/wordpress\/wp-json\/wp\/v2\/types\/page"}],"author":[{"embeddable":true,"href":"http:\/\/tengu.fr\/fismes\/wordpress\/wp-json\/wp\/v2\/users\/1"}],"replies":[{"embeddable":true,"href":"http:\/\/tengu.fr\/fismes\/wordpress\/wp-json\/wp\/v2\/comments?post=20"}],"version-history":[{"count":23,"href":"http:\/\/tengu.fr\/fismes\/wordpress\/wp-json\/wp\/v2\/pages\/20\/revisions"}],"predecessor-version":[{"id":601,"href":"http:\/\/tengu.fr\/fismes\/wordpress\/wp-json\/wp\/v2\/pages\/20\/revisions\/601"}],"wp:attachment":[{"href":"http:\/\/tengu.fr\/fismes\/wordpress\/wp-json\/wp\/v2\/media?parent=20"}],"curies":[{"name":"wp","href":"https:\/\/api.w.org\/{rel}","templated":true}]}}