{"id":525,"date":"2023-01-16T22:00:05","date_gmt":"2023-01-16T21:00:05","guid":{"rendered":"http:\/\/tengu.fr\/fismes\/wordpress\/?page_id=525"},"modified":"2025-12-20T18:29:19","modified_gmt":"2025-12-20T17:29:19","slug":"inscription-et-tarifs","status":"publish","type":"page","link":"http:\/\/tengu.fr\/fismes\/wordpress\/inscription-et-tarifs\/","title":{"rendered":"Inscription et Tarifs pour l&rsquo;ann\u00e9e 2025-2026"},"content":{"rendered":"\n<figure class=\"wp-block-table\"><table><tbody><tr><td class=\"has-text-align-right\" data-align=\"right\"><strong><mark style=\"background-color:rgba(0, 0, 0, 0)\" class=\"has-inline-color has-black-color\">Montant de l&rsquo;adh\u00e9sion<\/mark><\/strong><\/td><td class=\"has-text-align-center\" data-align=\"center\"><\/td><td class=\"has-text-align-center\" data-align=\"center\"><\/td><\/tr><tr><td class=\"has-text-align-right\" data-align=\"right\"><\/td><td class=\"has-text-align-center\" data-align=\"center\"><strong>nouveaux membres<\/strong><\/td><td class=\"has-text-align-center\" data-align=\"center\"><strong>renouvellement<\/strong><\/td><\/tr><tr><td class=\"has-text-align-right\" data-align=\"right\"><strong>8-9 ans<\/strong><\/td><td class=\"has-text-align-center\" data-align=\"center\"><strong>60 \u20ac \/ an<\/strong><\/td><td class=\"has-text-align-center\" data-align=\"center\"><strong>55 \u20ac \/ an<\/strong><\/td><\/tr><tr><td class=\"has-text-align-right\" data-align=\"right\"><strong>10-15 ans<\/strong><\/td><td class=\"has-text-align-center\" data-align=\"center\"><strong>70 \u20ac \/ an<\/strong><\/td><td class=\"has-text-align-center\" data-align=\"center\"><strong>65 \u20ac \/ an<\/strong><\/td><\/tr><tr><td class=\"has-text-align-right\" data-align=\"right\"><strong>16 ans et plus<\/strong><\/td><td class=\"has-text-align-center\" data-align=\"center\"><strong>80 \u20ac \/ an<\/strong><\/td><td class=\"has-text-align-center\" data-align=\"center\"><strong>75 \u20ac \/ an<\/strong><\/td><\/tr><\/tbody><\/table><\/figure>\n\n\n\n<p><em>Consid\u00e9rant qu&rsquo;il n&rsquo;y a pas de cours sp\u00e9cifique pour les moins de 10 ans, ceux-ci ne seront admis&nbsp; qu&rsquo;apr\u00e8s une p\u00e9riode d&rsquo;essai.<br>Le Dojo n&rsquo;est affili\u00e9 \u00e0 aucune f\u00e9d\u00e9ration sportive. Il n&rsquo;y a pas de comp\u00e9tition.<br>Les intervenants sont b\u00e9n\u00e9voles.<\/em><\/p>\n\n\n\n<hr class=\"wp-block-separator has-alpha-channel-opacity\"\/>\n\n\n\n<p><strong><em>Au cas o\u00f9 vous seriez d\u00e9j\u00e0 membre d&rsquo;une autre section de l&rsquo;USFAV, d\u00e9duisez 25 \u20ac (moins de 16 ans) ou 35\u20ac (16 ans et plus).<\/em><\/strong><\/p>\n\n\n\n<hr class=\"wp-block-separator has-alpha-channel-opacity\"\/>\n\n\n\n<h3 class=\"wp-block-heading\">Imprim\u00e9s \u00e0 t\u00e9l\u00e9charger<\/h3>\n\n\n\n<p><a href=\"http:\/\/tengu.fr\/fismes\/wordpress\/wp-content\/uploads\/2025\/08\/Affiliations-CRB-IT-2025-2026.pdf\" target=\"_blank\" rel=\"noreferrer noopener\">Adh\u00e9sion CRB-IT 2025-2026<\/a><\/p>\n\n\n\n<p><a href=\"http:\/\/tengu.fr\/fismes\/wordpress\/wp-content\/uploads\/2025\/08\/Bulletin-Adhesion-USFAV-2025-2026.pdf\" target=\"_blank\" rel=\"noreferrer noopener\">Bulletin d&rsquo;inscription USFAV 2025-2026<\/a><\/p>\n\n\n\n<p>Les deux documents doivent \u00eatre compl\u00e9t\u00e9s et accompagn\u00e9s du r\u00e8glement pour que l&rsquo;inscription soit effective.<\/p>\n\n\n\n<p>Un certificat m\u00e9dical d&rsquo;aptitude \u00e0 la pratique du karat\u00e9 est exig\u00e9 pour s&rsquo;inscrire.<br>Celui-ci est valable 3 ans.<\/p>\n\n\n\n<hr class=\"wp-block-separator has-alpha-channel-opacity\"\/>\n\n\n\n<h3 class=\"wp-block-heading\">R\u00e8glement Int\u00e9rieur<\/h3>\n\n\n\n<p><a href=\"http:\/\/tengu.fr\/fismes\/wordpress\/wp-content\/uploads\/2025\/12\/reglement_interieur-5.pdf\">Affich\u00e9 au format *.pdf<\/a>    <em>(mis \u00e0 jour en novembre 2025)<\/em><\/p>\n\n\n\n<p><strong>Tout renseignement compl\u00e9mentaire au 06.65.96.17.99.<\/strong><\/p>\n\n\n\n<p><\/p>\n","protected":false},"excerpt":{"rendered":"<p>Montant de l&rsquo;adh\u00e9sion nouveaux membres renouvellement 8-9 ans 60 \u20ac \/ an 55 \u20ac \/ an 10-15 ans 70 \u20ac \/ an 65 \u20ac \/ an 16 ans et plus 80 \u20ac \/ an 75 \u20ac \/ an Consid\u00e9rant qu&rsquo;il n&rsquo;y a pas de cours sp\u00e9cifique pour les moins de 10 ans, ceux-ci ne seront &hellip; <a href=\"http:\/\/tengu.fr\/fismes\/wordpress\/inscription-et-tarifs\/\" class=\"more-link\">Continuer la lecture de <span class=\"screen-reader-text\">Inscription et Tarifs pour l&rsquo;ann\u00e9e 2025-2026<\/span>  <span class=\"meta-nav\">&rarr;<\/span><\/a><\/p>\n","protected":false},"author":1,"featured_media":0,"parent":0,"menu_order":0,"comment_status":"closed","ping_status":"closed","template":"","meta":{"footnotes":""},"class_list":["post-525","page","type-page","status-publish","hentry"],"_links":{"self":[{"href":"http:\/\/tengu.fr\/fismes\/wordpress\/wp-json\/wp\/v2\/pages\/525","targetHints":{"allow":["GET"]}}],"collection":[{"href":"http:\/\/tengu.fr\/fismes\/wordpress\/wp-json\/wp\/v2\/pages"}],"about":[{"href":"http:\/\/tengu.fr\/fismes\/wordpress\/wp-json\/wp\/v2\/types\/page"}],"author":[{"embeddable":true,"href":"http:\/\/tengu.fr\/fismes\/wordpress\/wp-json\/wp\/v2\/users\/1"}],"replies":[{"embeddable":true,"href":"http:\/\/tengu.fr\/fismes\/wordpress\/wp-json\/wp\/v2\/comments?post=525"}],"version-history":[{"count":24,"href":"http:\/\/tengu.fr\/fismes\/wordpress\/wp-json\/wp\/v2\/pages\/525\/revisions"}],"predecessor-version":[{"id":802,"href":"http:\/\/tengu.fr\/fismes\/wordpress\/wp-json\/wp\/v2\/pages\/525\/revisions\/802"}],"wp:attachment":[{"href":"http:\/\/tengu.fr\/fismes\/wordpress\/wp-json\/wp\/v2\/media?parent=525"}],"curies":[{"name":"wp","href":"https:\/\/api.w.org\/{rel}","templated":true}]}}